{"id":217,"date":"2026-02-24T21:10:20","date_gmt":"2026-02-24T20:10:20","guid":{"rendered":"https:\/\/farmaciamadridatocha.com\/?page_id=217"},"modified":"2026-02-24T21:37:02","modified_gmt":"2026-02-24T20:37:02","slug":"farmacia-madrid-atocha-boticinal","status":"publish","type":"page","link":"https:\/\/farmaciamadridatocha.com\/","title":{"rendered":"FARMACIA MADRID ATOCHA &#8211; BOTICINAL"},"content":{"rendered":"<div class=\"wp-block-image\">\n<figure class=\"aligncenter size-large\"><img loading=\"lazy\" decoding=\"async\" width=\"1024\" height=\"768\" src=\"http:\/\/farmaciamadridatocha.com\/wp-content\/uploads\/2026\/02\/farmacia-fuera-1024x768.jpeg\" alt=\"Fachada Farmacia Madrid Atocha\" class=\"wp-image-29\" srcset=\"https:\/\/farmaciamadridatocha.com\/wp-content\/uploads\/2026\/02\/farmacia-fuera-1024x768.jpeg 1024w, https:\/\/farmaciamadridatocha.com\/wp-content\/uploads\/2026\/02\/farmacia-fuera-300x225.jpeg 300w, https:\/\/farmaciamadridatocha.com\/wp-content\/uploads\/2026\/02\/farmacia-fuera-768x576.jpeg 768w, https:\/\/farmaciamadridatocha.com\/wp-content\/uploads\/2026\/02\/farmacia-fuera-1536x1152.jpeg 1536w, https:\/\/farmaciamadridatocha.com\/wp-content\/uploads\/2026\/02\/farmacia-fuera.jpeg 1600w\" sizes=\"auto, (max-width: 1024px) 100vw, 1024px\" \/><figcaption class=\"wp-element-caption\">Farmacia Madrid Atocha<br>Paseo de la Infanta Isabel 3 &#8211; 914354958<\/figcaption><\/figure>\n<\/div>\n\n\n<div class=\"wp-block-group alignfull has-text-color has-background\" style=\"color:#000000;background-color:#ffffff\"><div class=\"wp-block-group__inner-container is-layout-flow wp-block-group-is-layout-flow\">\n<h1 class=\"wp-block-heading has-text-align-center\" id=\"schedule-a-visit\" style=\"font-size:59px;line-height:1.15\"><strong>\u00bfQU\u00c9 DICEN DE NOSOTROS?<\/strong><\/h1>\n\n\n\n<div class=\"wp-block-buttons is-horizontal is-content-justification-center is-layout-flex wp-container-core-buttons-is-layout-03627597 wp-block-buttons-is-layout-flex\">\n<div class=\"wp-block-button has-custom-width wp-block-button__width-50\"><a class=\"wp-block-button__link has-text-color has-background wp-element-button\" href=\"https:\/\/www.google.com\/search?q=Farmacia%20Madrid%20Atocha%20Rese%C3%B1as&amp;rflfq=1&amp;num=20&amp;stick=H4sIAAAAAAAAAONgkxIxNDGxMDU3Nja0MDI0NDAyNjQ3NN_AyPiKUd4tsSg3MTkzUcE3MaUoM0XBsSQ_OSNRISi1OPXwxsTiRayEVAAAziWdn18AAAA&amp;rldimm=14485733182110231717&amp;tbm=lcl&amp;hl=es&amp;sa=X&amp;ved=0CCMQ9fQKKABqFwoTCJjeu8Xa8pIDFQAAAAAdAAAAABAH&amp;biw=1080&amp;bih=1751&amp;dpr=1#lkt=LocalPoiReviews\" style=\"border-radius:50px;color:#ffffff;background-color:#000000\">REVIEWS DE GOOGLE<\/a><\/div>\n<\/div>\n<\/div><\/div>\n\n\n\n<h2 class=\"wp-block-heading has-text-align-center\">NUEVA FARMACIA EN MADRID<\/h2>\n\n\n<div class=\"wp-block-image\">\n<figure class=\"aligncenter size-large\"><img loading=\"lazy\" decoding=\"async\" width=\"1024\" height=\"768\" src=\"http:\/\/farmaciamadridatocha.com\/wp-content\/uploads\/2026\/02\/aa789624-ee1b-4d7c-9617-25adb520d240-1024x768.jpeg\" alt=\"Interior Farmacia Madrid Atocha\" class=\"wp-image-46\" srcset=\"https:\/\/farmaciamadridatocha.com\/wp-content\/uploads\/2026\/02\/aa789624-ee1b-4d7c-9617-25adb520d240-1024x768.jpeg 1024w, https:\/\/farmaciamadridatocha.com\/wp-content\/uploads\/2026\/02\/aa789624-ee1b-4d7c-9617-25adb520d240-300x225.jpeg 300w, https:\/\/farmaciamadridatocha.com\/wp-content\/uploads\/2026\/02\/aa789624-ee1b-4d7c-9617-25adb520d240-768x576.jpeg 768w, https:\/\/farmaciamadridatocha.com\/wp-content\/uploads\/2026\/02\/aa789624-ee1b-4d7c-9617-25adb520d240-1536x1152.jpeg 1536w, https:\/\/farmaciamadridatocha.com\/wp-content\/uploads\/2026\/02\/aa789624-ee1b-4d7c-9617-25adb520d240-2048x1536.jpeg 2048w\" sizes=\"auto, (max-width: 1024px) 100vw, 1024px\" \/><figcaption class=\"wp-element-caption\">Farmacia Madrid Atocha<br>Paseo de la Infanta Isabel 3 &#8211; 914354958<\/figcaption><\/figure>\n<\/div>\n\n\n<p class=\"has-text-align-center\">HORARIO DE APERTURA<\/p>\n\n\n\n<p class=\"has-text-align-center\"><strong>TODOS LOS D\u00cdAS DEL A\u00d1O<\/strong><\/p>\n\n\n\n<p class=\"has-text-align-center\"><strong>LUNES A VIERNES<\/strong> &#8211; de 8:00h a 22:00h<\/p>\n\n\n\n<p class=\"has-text-align-center\"><strong>SABADOS, DOMINGOS Y FESTIVOS<\/strong> &#8211; de 9:00 a 22:00 <\/p>\n\n\n\n<p><\/p>\n","protected":false},"excerpt":{"rendered":"<p>\u00bfQU\u00c9 DICEN DE NOSOTROS? NUEVA FARMACIA EN MADRID HORARIO DE APERTURA TODOS LOS D\u00cdAS DEL A\u00d1O LUNES A VIERNES &#8211; de 8:00h a 22:00h SABADOS, DOMINGOS Y FESTIVOS &#8211; de [&hellip;]<\/p>\n","protected":false},"author":1,"featured_media":0,"parent":0,"menu_order":0,"comment_status":"closed","ping_status":"closed","template":"","meta":{"footnotes":""},"class_list":["post-217","page","type-page","status-publish","hentry"],"_links":{"self":[{"href":"https:\/\/farmaciamadridatocha.com\/index.php\/wp-json\/wp\/v2\/pages\/217","targetHints":{"allow":["GET"]}}],"collection":[{"href":"https:\/\/farmaciamadridatocha.com\/index.php\/wp-json\/wp\/v2\/pages"}],"about":[{"href":"https:\/\/farmaciamadridatocha.com\/index.php\/wp-json\/wp\/v2\/types\/page"}],"author":[{"embeddable":true,"href":"https:\/\/farmaciamadridatocha.com\/index.php\/wp-json\/wp\/v2\/users\/1"}],"replies":[{"embeddable":true,"href":"https:\/\/farmaciamadridatocha.com\/index.php\/wp-json\/wp\/v2\/comments?post=217"}],"version-history":[{"count":9,"href":"https:\/\/farmaciamadridatocha.com\/index.php\/wp-json\/wp\/v2\/pages\/217\/revisions"}],"predecessor-version":[{"id":237,"href":"https:\/\/farmaciamadridatocha.com\/index.php\/wp-json\/wp\/v2\/pages\/217\/revisions\/237"}],"wp:attachment":[{"href":"https:\/\/farmaciamadridatocha.com\/index.php\/wp-json\/wp\/v2\/media?parent=217"}],"curies":[{"name":"wp","href":"https:\/\/api.w.org\/{rel}","templated":true}]}}